{"id":1533,"date":"2020-07-20T11:35:40","date_gmt":"2020-07-20T11:35:40","guid":{"rendered":"http:\/\/www.grebac.com\/shop\/?post_type=product&#038;p=1533"},"modified":"2026-02-10T17:02:43","modified_gmt":"2026-02-10T17:02:43","slug":"leccino","status":"publish","type":"product","link":"https:\/\/www.grebac.com\/shop\/proizvod\/leccino\/","title":{"rendered":"Leccino"},"content":{"rendered":"","protected":false},"excerpt":{"rendered":"<div class=\"wpb_text_column wpb_content_element vc_custom_1554489107587 bijeli opis\">\n<div class=\"wpb_wrapper\">\n<div class=\"wpb_text_column wpb_content_element vc_custom_1554489573523 bijeli opis\">\n<div class=\"wpb_wrapper\">\n<p>ECCINO je sorta masline koja je najra\u0161irenija u svijetu zbog svoje izvanredne prilagodbe na razli\u010dite agro-ekolo\u0161ke uvjete. Ulje je prepoznatljivo po sna\u017enom mirisu na zelene masline, blage gor\u010dine i blage pikantnosti.<br \/>\nDostupna pakiranja: <span class=\"veci\">250ml i 500ml.<br \/>\n<\/span><\/p>\n<p><span class=\"veci\">\u00a0<\/span><\/p>\n<\/div>\n<\/div>\n<p><span class=\"veci\">\u00a0<\/span><\/p>\n<\/div>\n<\/div>\n","protected":false},"featured_media":1526,"comment_status":"open","ping_status":"closed","template":"","meta":[],"product_cat":[50],"product_tag":[],"_links":{"self":[{"href":"https:\/\/www.grebac.com\/shop\/wp-json\/wp\/v3\/product\/1533"}],"collection":[{"href":"https:\/\/www.grebac.com\/shop\/wp-json\/wp\/v3\/product"}],"about":[{"href":"https:\/\/www.grebac.com\/shop\/wp-json\/wp\/v2\/types\/product"}],"replies":[{"embeddable":true,"href":"https:\/\/www.grebac.com\/shop\/wp-json\/wp\/v2\/comments?post=1533"}],"wp:featuredmedia":[{"embeddable":true,"href":"https:\/\/www.grebac.com\/shop\/wp-json\/wp\/v2\/media\/1526"}],"wp:attachment":[{"href":"https:\/\/www.grebac.com\/shop\/wp-json\/wp\/v2\/media?parent=1533"}],"wp:term":[{"taxonomy":"product_cat","embeddable":true,"href":"https:\/\/www.grebac.com\/shop\/wp-json\/wp\/v2\/product_cat?post=1533"},{"taxonomy":"product_tag","embeddable":true,"href":"https:\/\/www.grebac.com\/shop\/wp-json\/wp\/v2\/product_tag?post=1533"}],"curies":[{"name":"wp","href":"https:\/\/api.w.org\/{rel}","templated":true}]}}