{"id":1528,"date":"2020-07-20T11:32:34","date_gmt":"2020-07-20T11:32:34","guid":{"rendered":"http:\/\/www.grebac.com\/shop\/?post_type=product&#038;p=1528"},"modified":"2026-02-10T17:03:54","modified_gmt":"2026-02-10T17:03:54","slug":"buza","status":"publish","type":"product","link":"https:\/\/www.grebac.com\/shop\/proizvod\/buza\/","title":{"rendered":"Bu\u017ea"},"content":{"rendered":"","protected":false},"excerpt":{"rendered":"<div class=\"wpb_text_column wpb_content_element vc_custom_1554489107587 bijeli opis\">\n<div class=\"wpb_wrapper\">\n<div class=\"wpb_text_column wpb_content_element vc_custom_1554489573523 bijeli opis\">\n<div class=\"wpb_wrapper\">\n<p>BU\u017dA je najra\u0161irenija istarska autohtona sorta maslina koja daje ulje izvanredne kvalitete, ugodne gor\u010dine i izra\u017eene pikantnosti te izrazito je vo\u0107nog mirisa.<br \/>\nDostupna pakiranja: <span class=\"veci\">250ml i 500ml.<br \/>\n<\/span><\/p>\n<\/div>\n<\/div>\n<p><span class=\"veci\">\u00a0<\/span><\/p>\n<\/div>\n<\/div>\n","protected":false},"featured_media":1524,"comment_status":"open","ping_status":"closed","template":"","meta":[],"product_cat":[50],"product_tag":[],"_links":{"self":[{"href":"https:\/\/www.grebac.com\/shop\/wp-json\/wp\/v3\/product\/1528"}],"collection":[{"href":"https:\/\/www.grebac.com\/shop\/wp-json\/wp\/v3\/product"}],"about":[{"href":"https:\/\/www.grebac.com\/shop\/wp-json\/wp\/v2\/types\/product"}],"replies":[{"embeddable":true,"href":"https:\/\/www.grebac.com\/shop\/wp-json\/wp\/v2\/comments?post=1528"}],"wp:featuredmedia":[{"embeddable":true,"href":"https:\/\/www.grebac.com\/shop\/wp-json\/wp\/v2\/media\/1524"}],"wp:attachment":[{"href":"https:\/\/www.grebac.com\/shop\/wp-json\/wp\/v2\/media?parent=1528"}],"wp:term":[{"taxonomy":"product_cat","embeddable":true,"href":"https:\/\/www.grebac.com\/shop\/wp-json\/wp\/v2\/product_cat?post=1528"},{"taxonomy":"product_tag","embeddable":true,"href":"https:\/\/www.grebac.com\/shop\/wp-json\/wp\/v2\/product_tag?post=1528"}],"curies":[{"name":"wp","href":"https:\/\/api.w.org\/{rel}","templated":true}]}}