{"id":1428,"date":"2020-06-07T18:20:43","date_gmt":"2020-06-07T18:20:43","guid":{"rendered":"http:\/\/www.grebac.com\/shop\/?page_id=1428"},"modified":"2020-07-20T15:48:39","modified_gmt":"2020-07-20T15:48:39","slug":"opci-uvijeti","status":"publish","type":"page","link":"https:\/\/www.grebac.com\/shop\/opci-uvijeti\/","title":{"rendered":"Op\u0107i uvijeti"},"content":{"rendered":"\n<p>Uvjeti kupnje<br>1. OP\u0106E ODREDBE<br>Internetska stranica www.grebac.com je u vlasni\u0161tvu OPG Grebac, OPG Grebac omogu\u0107uje kori\u0161tenje usluga i sadr\u017eaja internetske stranice www.grebac.com koje je regulirano ovim Uvjetima kori\u0161tenja.<br>Uvjeti kori\u0161tenja propisuju uvjete i pravila za krajnje korisnike i odnose se na kori\u0161tenje internetske stranice grebac.com. Kori\u0161tenjem internetske stranice, krajnji korisnici iskazuju da se sla\u017eu s Op\u0107im uvjetima poslovanja i kori\u0161tenja te pristaju na kori\u0161tenje internetske stranice grebac.com u skladu s njima.<br>Pristup na internetske stranice www.grebac.com ponekad mo\u017ee biti nedostupan zbog radova, odr\u017eavanja ili uvo\u0111enja novih sadr\u017eaja te u slu\u010dajevima nepredvi\u0111enih okolnosti koje su izvan kontrole OPG Grebac. koje \u0107emo nastojati otkloniti u najkra\u0107em mogu\u0107em roku.<br>Korisnik mo\u017ee svoje upite i komentare poslati pisanim putem, po\u0161tom ili e-mailom, a OPG Grebac. \u0107e poslati pisani odgovor po\u0161tom ili e-mailom u zakonskom roku.<br>2. OSNOVNI POJMOVI<br>U smislu ovih uvjeta prodaje, kupac je fizi\u010dka ili pravna osoba koja naru\u010di barem jedan proizvod, popuni tra\u017eene podatke i plati naru\u010deni proizvod posredstvom web stranice grebac.com.<br>Ukoliko su u podacima o kupcu upisani podaci o pravnoj osobi, tada se kupcem smatra pravna osoba, a fizi\u010dka osoba \u010diji su podaci uneseni smatra se ovla\u0161tenom osobom kupca.<br>3. OSOBNI PODACI I POSLOVNA SPOSOBNOST<br>Za posjet stranicama i valjanu narud\u017ebu proizvoda osoba mora biti starija od 18 godina.<br>Kupac snosi odgovornost za to\u010dnost i potpunost unesenih podataka prilikom registracije.<br>grebac.com zadr\u017eava pravo na izmjenu ovih uvjeta prodaje te iste mo\u017ee promijeniti bez prethodne najave.<br>4. CIJENA<br>OPG Grebac se obvezuje jasno, vidljivo i \u010ditljivo istaknuti iznos maloprodajne cijene sukladno \u010dlanku 7. Zakona o za\u0161titi potro\u0161a\u010da (NN 41\/14).<br>OPG Grebac \u0107e, sukladno svojoj odluci, stavljati odre\u0111ene proizvode na akcijsku prodaju po cijeni koja je ni\u017ea od cijene tih proizvoda u redovnoj prodaji, te se isto obvezuje jasno vidljivo i \u010ditljivo ozna\u010diti i navesti duljinu trajanja akcijske prodaje.<br>Nakon isteka roka akcijske prodaje, OPG Grebac ne\u0107e primati narud\u017ebe po uvjetima koji se odnose na akcijsku prodaju kojoj je istekao rok.<br>5. PODACI O PROIZVODIMA I RASPOLO\u017dIVOST PROIZVODA<br>Podaci o proizvodima na www.grebac.com sa\u010dinjeni su temeljem interne baze podataka.<br>Fotografije proizvoda su ilustrativne prirode te ne moraju uvijek i u svim detaljima odgovarati proizvodima koji su predmet narud\u017ebe. OPG Grebac posebno isti\u010de da vizualni identitet proizvoda prikazan na fotografiji ne mora odgovarati izgledu proizvoda u stvarnosti, pogotovo obzirom na postavke monitora na ra\u010dunalu kupca, razlike u percepciji boja kako ih kupac vidi na zaslonu i sl.<br>U slu\u010daju gore navedenog nesklada izme\u0111u proizvoda prikazanog na fotografiji i isporu\u010denog proizvoda ne radi se o nedostatku proizvoda.<\/p>\n\n\n\n<p>Izjava o privatnosti i sigurnosti podataka<br>OPG Grebac se obvezuje da ne\u0107e zloupotrebljavati osobne podatke iz obrasca narud\u017ebe.<br>Osobnim podacima smatraju se svi podaci kojima se utvr\u0111uje identitet kupca (primjerice ime i prezime, e-mail adresa, adresa stanovanja i sl.).<br>OPG Grebac ne\u0107e dostavljati niti razotkriti osobne podatke kupca tre\u0107oj osobi, osim u slu\u010dajevima u kojima tako izri\u010dito propisuje zakon te u slu\u010dajevima kada je to potrebno za ispunjenje obveza.<br>Svi podaci o kupcima se strogo \u010duvaju i dostupni su samo djelatnicima kojima su ti podaci nu\u017eni za obavljanje posla. Svi djelatnici OPG Grebac i poslovni partneri odgovorni su za po\u0161tivanje na\u010dela za\u0161tite privatnosti.<br>OPG Grebac se obavezuje pru\u017eati za\u0161titu osobnim podacima kupaca na na\u010din da prikuplja samo osnovne podatke o kupcima koji su nu\u017eni za ispunjenje obveza.<br>Gore navedene odredbe o za\u0161titi osobnih podataka odnose se isklju\u010divo na po\u010detnu web stranicu web shop-a grebac.com te na sve stranice unutar grebac.com domene, a ne na vanjske stranice na koje upu\u0107uju linkovi na grebac.com domeni, za koje stranice grebac.com nije nadle\u017ean niti odgovoran te za koje stranice grebac.com ne prikuplja i ne obra\u0111uje podatke korisnika.<br>Osim u slu\u010daju elektronske narud\u017ebe, u drugim slu\u010dajevima OPG Grebac ne\u0107e kupcu slati elektronske poruke ukoliko na to kupac nije izri\u010dito pristao.<\/p>\n","protected":false},"excerpt":{"rendered":"<p>Uvjeti kupnje1. OP\u0106E ODREDBEInternetska stranica www.grebac.com je u vlasni\u0161tvu OPG Grebac, OPG Grebac omogu\u0107uje kori\u0161tenje usluga i sadr\u017eaja internetske stranice www.grebac.com koje je regulirano ovim Uvjetima kori\u0161tenja.Uvjeti kori\u0161tenja propisuju uvjete i pravila za krajnje korisnike i odnose se na kori\u0161tenje internetske stranice grebac.com. Kori\u0161tenjem internetske stranice, krajnji korisnici iskazuju da se sla\u017eu s Op\u0107im uvjetima poslovanja i kori\u0161tenja te pristaju&hellip;<\/p>\n","protected":false},"author":1,"featured_media":0,"parent":0,"menu_order":0,"comment_status":"closed","ping_status":"closed","template":"","meta":[],"_links":{"self":[{"href":"https:\/\/www.grebac.com\/shop\/wp-json\/wp\/v2\/pages\/1428"}],"collection":[{"href":"https:\/\/www.grebac.com\/shop\/wp-json\/wp\/v2\/pages"}],"about":[{"href":"https:\/\/www.grebac.com\/shop\/wp-json\/wp\/v2\/types\/page"}],"author":[{"embeddable":true,"href":"https:\/\/www.grebac.com\/shop\/wp-json\/wp\/v2\/users\/1"}],"replies":[{"embeddable":true,"href":"https:\/\/www.grebac.com\/shop\/wp-json\/wp\/v2\/comments?post=1428"}],"version-history":[{"count":3,"href":"https:\/\/www.grebac.com\/shop\/wp-json\/wp\/v2\/pages\/1428\/revisions"}],"predecessor-version":[{"id":1556,"href":"https:\/\/www.grebac.com\/shop\/wp-json\/wp\/v2\/pages\/1428\/revisions\/1556"}],"wp:attachment":[{"href":"https:\/\/www.grebac.com\/shop\/wp-json\/wp\/v2\/media?parent=1428"}],"curies":[{"name":"wp","href":"https:\/\/api.w.org\/{rel}","templated":true}]}}