{"id":1426,"date":"2020-06-07T18:20:20","date_gmt":"2020-06-07T18:20:20","guid":{"rendered":"http:\/\/www.grebac.com\/shop\/?page_id=1426"},"modified":"2020-07-20T15:45:00","modified_gmt":"2020-07-20T15:45:00","slug":"placanje-i-dostava","status":"publish","type":"page","link":"https:\/\/www.grebac.com\/shop\/placanje-i-dostava\/","title":{"rendered":"Pla\u0107anje i dostava"},"content":{"rendered":"\n<p>Pla\u0107anje i dostava<\/p>\n\n\n\n<p>Naru\u010denu robu mogu\u0107e je platiti isklju\u010divo bankovnom transakcijom. Usluga dostave za artikle ponu\u0111ene na ovoj mre\u017enoj stranici dostupna je samo u Europskoj uniji.<br>Po uspje\u0161noj narud\u017ebi poslat \u0107emo Vam potvrdu e-mailom sa svim detaljima.&nbsp;<\/p>\n\n\n\n<p>Sve narud\u017ebe proizvoda ovise o dostupnosti. Ukoliko su proizvodi odmah na raspolaganju isporuka \u0107e biti izvr\u0161ena odmah po primitku narud\u017ebe.<br>Ukoliko roba nije na raspolaganju, Prodavatelj \u0107e Kupca obavijestiti (pismenim putem ili telefonski) o mogu\u0107em roku isporuke. Kupac tada mo\u017ee prihvatiti novi rok isporuke ili otkazati narud\u017ebu.<br>Kupac je du\u017ean prilikom preuzimanja robe provjeriti eventualna o\u0161te\u0107enja i odmah ih reklamirati dostavlja\u010du koji je robu dostavio, odnosno odbiti preuzeti po\u0161iljku na kojoj su vidljiva vanjska o\u0161te\u0107enja.<br>Roba je osigurana od gubitka u dostavi, te ako Kupac nakon 20 dana od predaje narud\u017ebe ne dobije nikakvu obavijest ili isporuku od Prodavatelja, odnosno od dostavne slu\u017ebe, mora obavijestiti Prodavatelja kako bi isti mogao poduzeti radnje da se po\u0161iljka na\u0111e ili po\u0161alje zamjenska.<\/p>\n\n\n\n<p>RA\u010cUN<br>Ra\u010dun za narud\u017ebu dostavljamo u po\u0161iljci zajedno s robom.<\/p>\n","protected":false},"excerpt":{"rendered":"<p>Pla\u0107anje i dostava Naru\u010denu robu mogu\u0107e je platiti isklju\u010divo bankovnom transakcijom. Usluga dostave za artikle ponu\u0111ene na ovoj mre\u017enoj stranici dostupna je samo u Europskoj uniji.Po uspje\u0161noj narud\u017ebi poslat \u0107emo Vam potvrdu e-mailom sa svim detaljima.&nbsp; Sve narud\u017ebe proizvoda ovise o dostupnosti. Ukoliko su proizvodi odmah na raspolaganju isporuka \u0107e biti izvr\u0161ena odmah po primitku narud\u017ebe.Ukoliko roba nije na raspolaganju,&hellip;<\/p>\n","protected":false},"author":1,"featured_media":0,"parent":0,"menu_order":0,"comment_status":"closed","ping_status":"closed","template":"","meta":[],"_links":{"self":[{"href":"https:\/\/www.grebac.com\/shop\/wp-json\/wp\/v2\/pages\/1426"}],"collection":[{"href":"https:\/\/www.grebac.com\/shop\/wp-json\/wp\/v2\/pages"}],"about":[{"href":"https:\/\/www.grebac.com\/shop\/wp-json\/wp\/v2\/types\/page"}],"author":[{"embeddable":true,"href":"https:\/\/www.grebac.com\/shop\/wp-json\/wp\/v2\/users\/1"}],"replies":[{"embeddable":true,"href":"https:\/\/www.grebac.com\/shop\/wp-json\/wp\/v2\/comments?post=1426"}],"version-history":[{"count":2,"href":"https:\/\/www.grebac.com\/shop\/wp-json\/wp\/v2\/pages\/1426\/revisions"}],"predecessor-version":[{"id":1552,"href":"https:\/\/www.grebac.com\/shop\/wp-json\/wp\/v2\/pages\/1426\/revisions\/1552"}],"wp:attachment":[{"href":"https:\/\/www.grebac.com\/shop\/wp-json\/wp\/v2\/media?parent=1426"}],"curies":[{"name":"wp","href":"https:\/\/api.w.org\/{rel}","templated":true}]}}